{"id":3385,"date":"2025-12-29T06:13:57","date_gmt":"2025-12-29T06:13:57","guid":{"rendered":"https:\/\/anaroma.dogaonline.com.tr\/?page_id=3385"},"modified":"2026-04-25T15:24:51","modified_gmt":"2026-04-25T15:24:51","slug":"%d8%a7%d9%84%d8%a8%d8%ad%d8%ab-%d9%88%d8%a7%d9%84%d8%aa%d8%b7%d9%88%d9%8a%d8%b1","status":"publish","type":"page","link":"https:\/\/anaroma.com\/ar\/%d8%a7%d9%84%d8%a8%d8%ad%d8%ab-%d9%88%d8%a7%d9%84%d8%aa%d8%b7%d9%88%d9%8a%d8%b1\/","title":{"rendered":"\u0627\u0644\u0628\u062d\u062b \u0648\u0627\u0644\u062a\u0637\u0648\u064a\u0631"},"content":{"rendered":"<div data-elementor-type=\"wp-page\" data-elementor-id=\"3385\" class=\"elementor elementor-3385\" data-elementor-post-type=\"page\">\n\t\t\t\t<div class=\"elementor-element elementor-element-94e8fa5 e-con-full e-flex e-con e-parent\" data-id=\"94e8fa5\" data-element_type=\"container\">\n\t\t\t\t<\/div>\n\t\t<div class=\"elementor-element elementor-element-1a23ebd e-flex e-con-boxed e-con e-parent\" data-id=\"1a23ebd\" data-element_type=\"container\">\n\t\t\t\t\t<div class=\"e-con-inner\">\n\t\t<div class=\"elementor-element elementor-element-56a3e3f e-con-full e-flex e-con e-child\" data-id=\"56a3e3f\" data-element_type=\"container\">\n\t\t\t\t<div class=\"elementor-element elementor-element-86d0c59 elementor-widget elementor-widget-image\" data-id=\"86d0c59\" data-element_type=\"widget\" data-widget_type=\"image.default\">\n\t\t\t\t\t\t\t\t\t\t\t\t\t\t\t<img fetchpriority=\"high\" decoding=\"async\" width=\"960\" height=\"960\" src=\"https:\/\/anaroma.com\/wp-content\/uploads\/2026\/01\/anaroma-arge.png\" class=\"attachment-large size-large wp-image-3470\" alt=\"\" srcset=\"https:\/\/anaroma.com\/wp-content\/uploads\/2026\/01\/anaroma-arge.png 1024w, https:\/\/anaroma.com\/wp-content\/uploads\/2026\/01\/anaroma-arge-300x300.png 300w, https:\/\/anaroma.com\/wp-content\/uploads\/2026\/01\/anaroma-arge-150x150.png 150w, https:\/\/anaroma.com\/wp-content\/uploads\/2026\/01\/anaroma-arge-768x768.png 768w, https:\/\/anaroma.com\/wp-content\/uploads\/2026\/01\/anaroma-arge-12x12.png 12w, https:\/\/anaroma.com\/wp-content\/uploads\/2026\/01\/anaroma-arge-450x450.png 450w, https:\/\/anaroma.com\/wp-content\/uploads\/2026\/01\/anaroma-arge-600x600.png 600w, https:\/\/anaroma.com\/wp-content\/uploads\/2026\/01\/anaroma-arge-54x54.png 54w\" sizes=\"(max-width: 960px) 100vw, 960px\" \/>\t\t\t\t\t\t\t\t\t\t\t\t\t\t\t<\/div>\n\t\t\t\t<\/div>\n\t\t<div class=\"elementor-element elementor-element-99472e9 e-con-full e-flex e-con e-child\" data-id=\"99472e9\" data-element_type=\"container\">\n\t\t\t\t<div class=\"elementor-element elementor-element-072914a elementor-widget elementor-widget-text-editor\" data-id=\"072914a\" data-element_type=\"widget\" data-widget_type=\"text-editor.default\">\n\t\t\t\t\t\t\t\t\t<p>\u0628\u0627\u0644\u0646\u0633\u0628\u0629 \u0644\u0646\u0627\u060c \u0644\u0627 \u064a\u0642\u062a\u0635\u0631 \u0627\u0644\u0628\u062d\u062b \u0648\u0627\u0644\u062a\u0637\u0648\u064a\u0631 \u0639\u0644\u0649 \u062a\u0637\u0648\u064a\u0631 \u0635\u064a\u063a \u062c\u062f\u064a\u062f\u0629 \u0641\u062d\u0633\u0628\u060c \u0628\u0644 \u0647\u0648 \u0641\u0646 \u0627\u0644\u062c\u0645\u0639 \u0628\u064a\u0646 \u0627\u0644\u0646\u0648\u062a\u0627\u062a \u0627\u0644\u062e\u0641\u064a\u0629 \u0644\u0644\u0637\u0628\u064a\u0639\u0629 \u0648\u062f\u0642\u0629 \u0627\u0644\u0639\u0644\u0645. \u0641\u064a \u0645\u062e\u062a\u0628\u0631\u0627\u062a\u0646\u0627 \u0627\u0644\u062d\u062f\u064a\u062b\u0629\u060c \u0646\u0646\u062a\u062c \u062d\u0644\u0648\u0644 \u0639\u0637\u0631\u064a\u0629 \u0648\u0631\u0627\u0626\u062d\u064a\u0629 \u0645\u0633\u062a\u062f\u0627\u0645\u0629 \u0648\u0639\u0627\u0644\u064a\u0629 \u0627\u0644\u0623\u062f\u0627\u0621 \u062a\u063a\u064a\u0631 \u062f\u064a\u0646\u0627\u0645\u064a\u0643\u064a\u0627\u062a \u0627\u0644\u0633\u0648\u0642.<\/p>\t\t\t\t\t\t\t\t<\/div>\n\t\t\t\t<div class=\"elementor-element elementor-element-6de7b0e elementor-widget elementor-widget-text-editor\" data-id=\"6de7b0e\" data-element_type=\"widget\" data-widget_type=\"text-editor.default\">\n\t\t\t\t\t\t\t\t\t<p data-start=\"283\" data-end=\"599\"><strong data-start=\"283\" data-end=\"294\">Anaroma<\/strong> \u0646\u062d\u0646 \u0646\u062a\u0628\u0646\u0649 \u0646\u0647\u062c\u064b\u0627 \u0645\u0628\u062a\u0643\u0631\u064b\u0627 \u0648\u0645\u0633\u062a\u062f\u0627\u0645\u064b\u0627 \u0648\u0642\u0627\u0626\u0645\u064b\u0627 \u0639\u0644\u0649 \u0627\u0644\u0639\u0644\u0645 \u0641\u064a \u0645\u062c\u0627\u0644 \u0627\u0644\u0628\u062d\u062b \u0648\u0627\u0644\u062a\u0637\u0648\u064a\u0631 \u0641\u064a \u0625\u0646\u062a\u0627\u062c \u0627\u0644\u0639\u0637\u0648\u0631 \u0648\u0627\u0644\u0631\u0648\u0627\u0626\u062d. \u0645\u0646 \u062e\u0644\u0627\u0644 \u0645\u0631\u0627\u0642\u0628\u0629 \u062a\u0648\u0642\u0639\u0627\u062a \u0627\u0644\u0645\u0633\u062a\u0647\u0644\u0643\u064a\u0646 \u0648\u0627\u062a\u062c\u0627\u0647\u0627\u062a \u0627\u0644\u0635\u0646\u0627\u0639\u0629 \u0648\u0627\u0644\u0645\u062a\u0637\u0644\u0628\u0627\u062a \u0627\u0644\u062a\u0646\u0638\u064a\u0645\u064a\u0629 \u0639\u0646 \u0643\u062b\u0628\u060c \u0646\u0639\u062a\u0628\u0631 \u062a\u0637\u0648\u064a\u0631 \u0645\u0646\u062a\u062c\u0627\u062a \u0639\u0627\u0644\u064a\u0629 \u0627\u0644\u062c\u0648\u062f\u0629 \u0648\u0645\u0633\u062a\u0642\u0631\u0629 \u0648\u0645\u0628\u062a\u0643\u0631\u0629 \u0647\u062f\u0641\u0646\u0627 \u0627\u0644\u0623\u0633\u0627\u0633\u064a.<\/p><p data-start=\"601\" data-end=\"931\">\u062a\u0633\u062a\u0646\u062f \u0639\u0645\u0644\u064a\u0627\u062a \u0627\u0644\u0628\u062d\u062b \u0648\u0627\u0644\u062a\u0637\u0648\u064a\u0631 \u0644\u062f\u064a\u0646\u0627 \u0625\u0644\u0649 \u0647\u064a\u0643\u0644 \u0634\u0627\u0645\u0644 \u064a\u0634\u0645\u0644 \u0627\u062e\u062a\u064a\u0627\u0631 \u0627\u0644\u0645\u0648\u0627\u062f \u0627\u0644\u062e\u0627\u0645\u060c \u0648\u062a\u0637\u0648\u064a\u0631 \u0627\u0644\u062a\u0631\u0643\u064a\u0628\u0627\u062a\u060c \u0648\u0627\u0644\u062a\u062d\u0644\u064a\u0644 \u0627\u0644\u062d\u0633\u064a\u060c \u0648\u0627\u062e\u062a\u0628\u0627\u0631 \u0627\u0644\u0627\u0633\u062a\u0642\u0631\u0627\u0631\u060c \u0648\u062a\u062c\u0627\u0631\u0628 \u0627\u0644\u062a\u0637\u0628\u064a\u0642. \u0627\u0633\u062a\u0646\u0627\u062f\u064b\u0627 \u0625\u0644\u0649 \u0627\u0644\u0627\u0633\u062a\u062e\u062f\u0627\u0645 \u0627\u0644\u0641\u0639\u0627\u0644 \u0644\u0644\u0645\u0643\u0648\u0646\u0627\u062a \u0627\u0644\u0637\u0628\u064a\u0639\u064a\u0629 \u0648\u0627\u0644\u0645\u0637\u0627\u0628\u0642\u0629 \u0644\u0644\u0637\u0628\u064a\u0639\u0629\u060c \u0646\u0642\u0648\u0645 \u0628\u062a\u0637\u0648\u064a\u0631 \u062d\u0644\u0648\u0644 \u0627\u0644\u0639\u0637\u0648\u0631 \u0648\u0627\u0644\u0631\u0648\u0627\u0626\u062d \u0627\u0644\u0645\u0646\u0627\u0633\u0628\u0629 \u0644\u0644\u0623\u063a\u0630\u064a\u0629 \u0648\u0627\u0644\u0645\u0634\u0631\u0648\u0628\u0627\u062a \u0648\u0645\u0633\u062a\u062d\u0636\u0631\u0627\u062a \u0627\u0644\u062a\u062c\u0645\u064a\u0644 \u0648\u0627\u0644\u062a\u0637\u0628\u064a\u0642\u0627\u062a \u0627\u0644\u0635\u0646\u0627\u0639\u064a\u0629.<\/p><p data-start=\"933\" data-end=\"1282\">\u064a\u0633\u062a\u062e\u062f\u0645 \u0643\u064a\u0645\u064a\u0627\u0626\u0648\u0646\u0627 \u0648\u0645\u0635\u0645\u0645\u0648 \u0627\u0644\u0646\u0643\u0647\u0627\u062a \u0627\u0644\u062e\u0628\u0631\u0627\u0621 \u0627\u0644\u0628\u0646\u064a\u0629 \u0627\u0644\u062a\u062d\u062a\u064a\u0629 \u0627\u0644\u062d\u062f\u064a\u062b\u0629 \u0644\u0645\u062e\u062a\u0628\u0631\u0627\u062a\u0646\u0627 \u0648\u0627\u0644\u062a\u0642\u0646\u064a\u0627\u062a \u0627\u0644\u062a\u062d\u0644\u064a\u0644\u064a\u0629 \u0627\u0644\u0645\u062a\u0637\u0648\u0631\u0629 \u0644\u0627\u0628\u062a\u0643\u0627\u0631 \u062a\u0631\u0643\u064a\u0628\u0627\u062a \u0645\u062e\u0635\u0635\u0629 \u0644\u0639\u0645\u0644\u0627\u0626\u0646\u0627 \u0648\u062a\u0642\u062f\u064a\u0645 \u062d\u0644\u0648\u0644 \u062a\u0648\u0641\u0631 \u0623\u0642\u0635\u0649 \u0623\u062f\u0627\u0621 \u0639\u0628\u0631 \u0645\u0635\u0641\u0648\u0641\u0627\u062a \u0645\u0646\u062a\u062c\u0627\u062a \u0645\u062e\u062a\u0644\u0641\u0629. \u064a\u062e\u0636\u0639 \u0643\u0644 \u0645\u0646\u062a\u062c \u062c\u062f\u064a\u062f \u0644\u0627\u062e\u062a\u0628\u0627\u0631\u0627\u062a \u0635\u0627\u0631\u0645\u0629 \u0644\u0644\u062a\u0623\u0643\u062f \u0645\u0646 \u0645\u0644\u0627\u0621\u0645\u062a\u0647 \u0644\u0644\u0627\u0633\u062a\u062e\u062f\u0627\u0645 \u0627\u0644\u0645\u0642\u0635\u0648\u062f \u0645\u0646\u0647 \u0648\u0627\u062a\u0633\u0627\u0642 \u062e\u0635\u0627\u0626\u0635\u0647 \u0627\u0644\u062d\u0633\u064a\u0629 \u0648\u0645\u062f\u0629 \u0635\u0644\u0627\u062d\u064a\u062a\u0647.<\/p>\t\t\t\t\t\t\t\t<\/div>\n\t\t\t\t<\/div>\n\t\t\t\t\t<\/div>\n\t\t\t\t<\/div>\n\t\t\t\t<\/div>","protected":false},"excerpt":{"rendered":"<p>Bizim i\u00e7in Ar-Ge, sadece yeni form\u00fcller geli\u015ftirmek de\u011fil; do\u011fan\u0131n gizli kalm\u0131\u015f notalar\u0131n\u0131 bilimin hassasiyetiyle bulu\u015fturma sanat\u0131d\u0131r. Modern laboratuvarlar\u0131m\u0131zda, pazar\u0131n dinamiklerini de\u011fi\u015ftiren, s\u00fcrd\u00fcr\u00fclebilir ve y\u00fcksek performansl\u0131 aroma ve esans \u00e7\u00f6z\u00fcmleri \u00fcretiyoruz. Anaroma olarak aroma ve esans \u00fcretiminde yenilik\u00e7i, s\u00fcrd\u00fcr\u00fclebilir ve bilim temelli bir AR-GE anlay\u0131\u015f\u0131n\u0131 benimsiyoruz. T\u00fcketici beklentilerini, sekt\u00f6r trendlerini ve mevzuat gerekliliklerini yak\u0131ndan takip ederek;<\/p>\n<div class=\"klb-readmore post-buttons\"><a class=\"btn btn-black btn-rounded\" href=\"https:\/\/anaroma.com\/ar\/%d8%a7%d9%84%d8%a8%d8%ad%d8%ab-%d9%88%d8%a7%d9%84%d8%aa%d8%b7%d9%88%d9%8a%d8%b1\/\">\u0642\u0631\u0627\u0621\u0629 \u0627\u0644\u0645\u0632\u064a\u062f <i class=\"klbth-icon-right-arrow\"><\/i><\/a><\/div>","protected":false},"author":1,"featured_media":0,"parent":0,"menu_order":0,"comment_status":"closed","ping_status":"closed","template":"","meta":{"footnotes":""},"class_list":["post-3385","page","type-page","status-publish","hentry"],"_links":{"self":[{"href":"https:\/\/anaroma.com\/ar\/wp-json\/wp\/v2\/pages\/3385","targetHints":{"allow":["GET"]}}],"collection":[{"href":"https:\/\/anaroma.com\/ar\/wp-json\/wp\/v2\/pages"}],"about":[{"href":"https:\/\/anaroma.com\/ar\/wp-json\/wp\/v2\/types\/page"}],"author":[{"embeddable":true,"href":"https:\/\/anaroma.com\/ar\/wp-json\/wp\/v2\/users\/1"}],"replies":[{"embeddable":true,"href":"https:\/\/anaroma.com\/ar\/wp-json\/wp\/v2\/comments?post=3385"}],"version-history":[{"count":10,"href":"https:\/\/anaroma.com\/ar\/wp-json\/wp\/v2\/pages\/3385\/revisions"}],"predecessor-version":[{"id":3625,"href":"https:\/\/anaroma.com\/ar\/wp-json\/wp\/v2\/pages\/3385\/revisions\/3625"}],"wp:attachment":[{"href":"https:\/\/anaroma.com\/ar\/wp-json\/wp\/v2\/media?parent=3385"}],"curies":[{"name":"wp","href":"https:\/\/api.w.org\/{rel}","templated":true}]}}