{"id":3387,"date":"2025-12-29T06:14:18","date_gmt":"2025-12-29T06:14:18","guid":{"rendered":"https:\/\/anaroma.dogaonline.com.tr\/?page_id=3387"},"modified":"2026-01-04T16:05:29","modified_gmt":"2026-01-04T16:05:29","slug":"production","status":"publish","type":"page","link":"https:\/\/anaroma.com\/en\/production\/","title":{"rendered":"Production"},"content":{"rendered":"<div data-elementor-type=\"wp-page\" data-elementor-id=\"3387\" class=\"elementor elementor-3387\" data-elementor-post-type=\"page\">\n\t\t\t\t<div class=\"elementor-element elementor-element-2442f21 e-con-full e-flex e-con e-parent\" data-id=\"2442f21\" data-element_type=\"container\">\n\t\t\t\t<div class=\"elementor-element elementor-element-e208793 elementor-widget elementor-widget-fynode-page-banner\" data-id=\"e208793\" data-element_type=\"widget\" data-widget_type=\"fynode-page-banner.default\">\n\t\t\t\t<div class=\"elementor-widget-container\">\n\t\t\t\t\t<div class=\"site-page-header klb-page-banner style-1\"><div class=\"container\"><div class=\"site-page-header-inner\"><h1 class=\"entry-title\">Production<\/h1><div class=\"entry-description\"><p>From raw materials to production, from packaging to our business partners, we prioritize environmental, social, and ethical responsibility at every step.<\/p><\/div><!-- New Arrival --><\/div><!-- site-page-header-inner --><\/div><!-- container --><\/div><!-- site-page-header -->\t\t\t\t<\/div>\n\t\t\t\t<\/div>\n\t\t\t\t<\/div>\n\t\t<div class=\"elementor-element elementor-element-7e33037 e-flex e-con-boxed e-con e-parent\" data-id=\"7e33037\" data-element_type=\"container\">\n\t\t\t\t\t<div class=\"e-con-inner\">\n\t\t<div class=\"elementor-element elementor-element-af55846 e-con-full e-flex e-con e-child\" data-id=\"af55846\" data-element_type=\"container\">\n\t\t\t\t<div class=\"elementor-element elementor-element-c90f740 elementor-widget elementor-widget-fynode-banner-box2\" data-id=\"c90f740\" data-element_type=\"widget\" data-widget_type=\"fynode-banner-box2.default\">\n\t\t\t\t<div class=\"elementor-widget-container\">\n\t\t\t\t\t<div class=\"site-banner default-style banner-rounded dark\" style=\"--banner-mobile: 400px; --banner-tablet: 520px; --banner-desktop: 600px;\"><div class=\"site-banner-content align-items-start justify-content-center padding-lg\"><div class=\"site-banner-inner max-width\" style=\"--max-width-desktop: 100%; --max-width-tablet: 100%; --max-width-mobile: 100%;\"><div class=\"site-banner-header\"><h3 class=\"entry-subtitle subtitle-sm subtitle-lg\">Anaroma<\/h3><h2 class=\"entry-title title-xl font-bold tracking-tight leading-snug\">R&amp;D<\/h2><\/div><!-- site-banner-header --><div class=\"site-banner-body\"><\/div><!-- site-banner-body --><div class=\"site-banner-footer\"><a href=\"https:\/\/anaroma.com\/en\/rd\/\"  class=\"btn btn-white btn-rounded btn-small\">View Details <i class=\"klb-icon-move-right\"><\/i><\/a><\/div><!-- site-banner-footer --><\/div><!-- site-banner-inner --><\/div><!-- site-banner-content --><div class=\"site-banner-media image-overlay\"><img decoding=\"async\" src=\"https:\/\/anaroma.com\/wp-content\/uploads\/2026\/01\/anaroma-arge.png\" alt=\"\"><\/div><!-- site-banner-media --><a href=\"https:\/\/anaroma.com\/en\/rd\/\"  class=\"wrap-link\"><\/a><\/div><!-- site-banner -->\t\t\t\t<\/div>\n\t\t\t\t<\/div>\n\t\t\t\t<\/div>\n\t\t<div class=\"elementor-element elementor-element-302227c e-con-full e-flex e-con e-child\" data-id=\"302227c\" data-element_type=\"container\">\n\t\t\t\t<div class=\"elementor-element elementor-element-18bc293 elementor-widget elementor-widget-fynode-banner-box2\" data-id=\"18bc293\" data-element_type=\"widget\" data-widget_type=\"fynode-banner-box2.default\">\n\t\t\t\t<div class=\"elementor-widget-container\">\n\t\t\t\t\t<div class=\"site-banner default-style banner-rounded dark\" style=\"--banner-mobile: 400px; --banner-tablet: 520px; --banner-desktop: 600px;\"><div class=\"site-banner-content align-items-start justify-content-center padding-lg\"><div class=\"site-banner-inner max-width\" style=\"--max-width-desktop: 100%; --max-width-tablet: 100%; --max-width-mobile: 100%;\"><div class=\"site-banner-header\"><h3 class=\"entry-subtitle subtitle-sm subtitle-lg\">Anaroma<\/h3><h2 class=\"entry-title title-xl font-bold tracking-tight leading-snug\">Our Quality Policy<\/h2><\/div><!-- site-banner-header --><div class=\"site-banner-body\"><\/div><!-- site-banner-body --><div class=\"site-banner-footer\"><a href=\"https:\/\/anaroma.com\/en\/our-quality-policy\/\"  class=\"btn btn-white btn-rounded btn-small\">View Details <i class=\"klb-icon-move-right\"><\/i><\/a><\/div><!-- site-banner-footer --><\/div><!-- site-banner-inner --><\/div><!-- site-banner-content --><div class=\"site-banner-media image-overlay\"><img decoding=\"async\" src=\"https:\/\/anaroma.com\/wp-content\/uploads\/2026\/01\/anaroma.jpg\" alt=\"\"><\/div><!-- site-banner-media --><a href=\"https:\/\/anaroma.com\/en\/our-quality-policy\/\"  class=\"wrap-link\"><\/a><\/div><!-- site-banner -->\t\t\t\t<\/div>\n\t\t\t\t<\/div>\n\t\t\t\t<\/div>\n\t\t\t\t\t<\/div>\n\t\t\t\t<\/div>\n\t\t\t\t<\/div>","protected":false},"excerpt":{"rendered":"<p>\u00dcretim Hammaddeden \u00fcretime, ambalajdan i\u015f ortaklar\u0131m\u0131za kadar her ad\u0131mda \u00e7evresel, sosyal ve etik sorumlulu\u011fu merkeze al\u0131yoruz. Anaroma AR-GE Detaylar\u0131 G\u00f6r\u00fcnt\u00fcle Anaroma Kalite Politikam\u0131z Detaylar\u0131 G\u00f6r\u00fcnt\u00fcle<\/p>","protected":false},"author":1,"featured_media":0,"parent":0,"menu_order":0,"comment_status":"closed","ping_status":"closed","template":"","meta":{"footnotes":""},"class_list":["post-3387","page","type-page","status-publish","hentry"],"_links":{"self":[{"href":"https:\/\/anaroma.com\/en\/wp-json\/wp\/v2\/pages\/3387","targetHints":{"allow":["GET"]}}],"collection":[{"href":"https:\/\/anaroma.com\/en\/wp-json\/wp\/v2\/pages"}],"about":[{"href":"https:\/\/anaroma.com\/en\/wp-json\/wp\/v2\/types\/page"}],"author":[{"embeddable":true,"href":"https:\/\/anaroma.com\/en\/wp-json\/wp\/v2\/users\/1"}],"replies":[{"embeddable":true,"href":"https:\/\/anaroma.com\/en\/wp-json\/wp\/v2\/comments?post=3387"}],"version-history":[{"count":7,"href":"https:\/\/anaroma.com\/en\/wp-json\/wp\/v2\/pages\/3387\/revisions"}],"predecessor-version":[{"id":3498,"href":"https:\/\/anaroma.com\/en\/wp-json\/wp\/v2\/pages\/3387\/revisions\/3498"}],"wp:attachment":[{"href":"https:\/\/anaroma.com\/en\/wp-json\/wp\/v2\/media?parent=3387"}],"curies":[{"name":"wp","href":"https:\/\/api.w.org\/{rel}","templated":true}]}}