{"id":3385,"date":"2025-12-29T06:13:57","date_gmt":"2025-12-29T06:13:57","guid":{"rendered":"https:\/\/anaroma.dogaonline.com.tr\/?page_id=3385"},"modified":"2026-01-04T16:00:21","modified_gmt":"2026-01-04T16:00:21","slug":"ar-ge","status":"publish","type":"page","link":"https:\/\/anaroma.com\/ru\/ar-ge\/","title":{"rendered":"\u041d\u0418\u041e\u041a\u0420"},"content":{"rendered":"<div data-elementor-type=\"wp-page\" data-elementor-id=\"3385\" class=\"elementor elementor-3385\" data-elementor-post-type=\"page\">\n\t\t\t\t<div class=\"elementor-element elementor-element-94e8fa5 e-con-full e-flex e-con e-parent\" data-id=\"94e8fa5\" data-element_type=\"container\">\n\t\t\t\t<div class=\"elementor-element elementor-element-f63aab2 elementor-widget elementor-widget-fynode-page-banner\" data-id=\"f63aab2\" data-element_type=\"widget\" data-widget_type=\"fynode-page-banner.default\">\n\t\t\t\t<div class=\"elementor-widget-container\">\n\t\t\t\t\t<div class=\"site-page-header klb-page-banner style-1\"><div class=\"container\"><div class=\"site-page-header-inner\"><h1 class=\"entry-title\">\u041d\u0418\u041e\u041a\u0420<\/h1><div class=\"entry-description\"><p>\u0412\u043e\u0442 \u043e\u0441\u043d\u043e\u0432\u043d\u044b\u0435 \u044d\u0442\u0430\u043f\u044b \u043f\u0443\u0442\u0438 Anaroma \u043a \u0441\u043e\u0432\u0435\u0440\u0448\u0435\u043d\u0441\u0442\u0432\u0443:<\/p><\/div><!-- New Arrival --><\/div><!-- site-page-header-inner --><\/div><!-- container --><\/div><!-- site-page-header -->\t\t\t\t<\/div>\n\t\t\t\t<\/div>\n\t\t\t\t<\/div>\n\t\t<div class=\"elementor-element elementor-element-1a23ebd e-flex e-con-boxed e-con e-parent\" data-id=\"1a23ebd\" data-element_type=\"container\">\n\t\t\t\t\t<div class=\"e-con-inner\">\n\t\t<div class=\"elementor-element elementor-element-56a3e3f e-con-full e-flex e-con e-child\" data-id=\"56a3e3f\" data-element_type=\"container\">\n\t\t\t\t<div class=\"elementor-element elementor-element-86d0c59 elementor-widget elementor-widget-image\" data-id=\"86d0c59\" data-element_type=\"widget\" data-widget_type=\"image.default\">\n\t\t\t\t\t\t\t\t\t\t\t\t\t\t\t<img fetchpriority=\"high\" decoding=\"async\" width=\"960\" height=\"960\" src=\"https:\/\/anaroma.com\/wp-content\/uploads\/2026\/01\/anaroma-arge.png\" class=\"attachment-large size-large wp-image-3470\" alt=\"\" srcset=\"https:\/\/anaroma.com\/wp-content\/uploads\/2026\/01\/anaroma-arge.png 1024w, https:\/\/anaroma.com\/wp-content\/uploads\/2026\/01\/anaroma-arge-300x300.png 300w, https:\/\/anaroma.com\/wp-content\/uploads\/2026\/01\/anaroma-arge-150x150.png 150w, https:\/\/anaroma.com\/wp-content\/uploads\/2026\/01\/anaroma-arge-768x768.png 768w, https:\/\/anaroma.com\/wp-content\/uploads\/2026\/01\/anaroma-arge-12x12.png 12w, https:\/\/anaroma.com\/wp-content\/uploads\/2026\/01\/anaroma-arge-450x450.png 450w, https:\/\/anaroma.com\/wp-content\/uploads\/2026\/01\/anaroma-arge-600x600.png 600w, https:\/\/anaroma.com\/wp-content\/uploads\/2026\/01\/anaroma-arge-54x54.png 54w\" sizes=\"(max-width: 960px) 100vw, 960px\" \/>\t\t\t\t\t\t\t\t\t\t\t\t\t\t\t<\/div>\n\t\t\t\t<\/div>\n\t\t<div class=\"elementor-element elementor-element-99472e9 e-con-full e-flex e-con e-child\" data-id=\"99472e9\" data-element_type=\"container\">\n\t\t\t\t<div class=\"elementor-element elementor-element-072914a elementor-widget elementor-widget-text-editor\" data-id=\"072914a\" data-element_type=\"widget\" data-widget_type=\"text-editor.default\">\n\t\t\t\t\t\t\t\t\t<p>\u0414\u043b\u044f \u043d\u0430\u0441 \u043d\u0430\u0443\u0447\u043d\u043e-\u0438\u0441\u0441\u043b\u0435\u0434\u043e\u0432\u0430\u0442\u0435\u043b\u044c\u0441\u043a\u0430\u044f \u0434\u0435\u044f\u0442\u0435\u043b\u044c\u043d\u043e\u0441\u0442\u044c \u2013 \u044d\u0442\u043e \u043d\u0435 \u0442\u043e\u043b\u044c\u043a\u043e \u0440\u0430\u0437\u0440\u0430\u0431\u043e\u0442\u043a\u0430 \u043d\u043e\u0432\u044b\u0445 \u0444\u043e\u0440\u043c\u0443\u043b, \u043d\u043e \u0438 \u0438\u0441\u043a\u0443\u0441\u0441\u0442\u0432\u043e \u0441\u043e\u0435\u0434\u0438\u043d\u0435\u043d\u0438\u044f \u0441\u043a\u0440\u044b\u0442\u044b\u0445 \u043d\u043e\u0442 \u043f\u0440\u0438\u0440\u043e\u0434\u044b \u0441 \u0442\u043e\u0447\u043d\u043e\u0441\u0442\u044c\u044e \u043d\u0430\u0443\u043a\u0438. \u0412 \u043d\u0430\u0448\u0438\u0445 \u0441\u043e\u0432\u0440\u0435\u043c\u0435\u043d\u043d\u044b\u0445 \u043b\u0430\u0431\u043e\u0440\u0430\u0442\u043e\u0440\u0438\u044f\u0445 \u043c\u044b \u0441\u043e\u0437\u0434\u0430\u0435\u043c \u0443\u0441\u0442\u043e\u0439\u0447\u0438\u0432\u044b\u0435 \u0438 \u0432\u044b\u0441\u043e\u043a\u043e\u044d\u0444\u0444\u0435\u043a\u0442\u0438\u0432\u043d\u044b\u0435 \u0430\u0440\u043e\u043c\u0430\u0442\u0438\u0447\u0435\u0441\u043a\u0438\u0435 \u0438 \u044d\u0441\u0441\u0435\u043d\u0446\u0438\u0430\u043b\u044c\u043d\u044b\u0435 \u0440\u0435\u0448\u0435\u043d\u0438\u044f, \u043a\u043e\u0442\u043e\u0440\u044b\u0435 \u043c\u0435\u043d\u044f\u044e\u0442 \u0434\u0438\u043d\u0430\u043c\u0438\u043a\u0443 \u0440\u044b\u043d\u043a\u0430.<\/p>\t\t\t\t\t\t\t\t<\/div>\n\t\t\t\t<div class=\"elementor-element elementor-element-6de7b0e elementor-widget elementor-widget-text-editor\" data-id=\"6de7b0e\" data-element_type=\"widget\" data-widget_type=\"text-editor.default\">\n\t\t\t\t\t\t\t\t\t<p data-start=\"283\" data-end=\"599\"><strong data-start=\"283\" data-end=\"294\">Anaroma<\/strong> \u041c\u044b \u043f\u0440\u0438\u0434\u0435\u0440\u0436\u0438\u0432\u0430\u0435\u043c\u0441\u044f \u0438\u043d\u043d\u043e\u0432\u0430\u0446\u0438\u043e\u043d\u043d\u043e\u0433\u043e, \u0443\u0441\u0442\u043e\u0439\u0447\u0438\u0432\u043e\u0433\u043e \u0438 \u043d\u0430\u0443\u0447\u043d\u043e \u043e\u0431\u043e\u0441\u043d\u043e\u0432\u0430\u043d\u043d\u043e\u0433\u043e \u043f\u043e\u0434\u0445\u043e\u0434\u0430 \u043a \u0438\u0441\u0441\u043b\u0435\u0434\u043e\u0432\u0430\u043d\u0438\u044f\u043c \u0438 \u0440\u0430\u0437\u0440\u0430\u0431\u043e\u0442\u043a\u0430\u043c \u0432 \u043e\u0431\u043b\u0430\u0441\u0442\u0438 \u043f\u0440\u043e\u0438\u0437\u0432\u043e\u0434\u0441\u0442\u0432\u0430 \u0430\u0440\u043e\u043c\u0430\u0442\u0438\u0437\u0430\u0442\u043e\u0440\u043e\u0432 \u0438 \u044d\u0441\u0441\u0435\u043d\u0446\u0438\u0439. \u0412\u043d\u0438\u043c\u0430\u0442\u0435\u043b\u044c\u043d\u043e \u0441\u043b\u0435\u0434\u044f \u0437\u0430 \u043e\u0436\u0438\u0434\u0430\u043d\u0438\u044f\u043c\u0438 \u043f\u043e\u0442\u0440\u0435\u0431\u0438\u0442\u0435\u043b\u0435\u0439, \u0442\u0435\u043d\u0434\u0435\u043d\u0446\u0438\u044f\u043c\u0438 \u0432 \u043e\u0442\u0440\u0430\u0441\u043b\u0438 \u0438 \u0442\u0440\u0435\u0431\u043e\u0432\u0430\u043d\u0438\u044f\u043c\u0438 \u0437\u0430\u043a\u043e\u043d\u043e\u0434\u0430\u0442\u0435\u043b\u044c\u0441\u0442\u0432\u0430, \u043c\u044b \u0441\u0442\u0430\u0432\u0438\u043c \u0441\u0432\u043e\u0435\u0439 \u043e\u0441\u043d\u043e\u0432\u043d\u043e\u0439 \u0446\u0435\u043b\u044c\u044e \u0440\u0430\u0437\u0440\u0430\u0431\u043e\u0442\u043a\u0443 \u043f\u0440\u043e\u0434\u0443\u043a\u0442\u043e\u0432, \u043e\u0442\u043b\u0438\u0447\u0430\u044e\u0449\u0438\u0445\u0441\u044f \u0432\u044b\u0441\u043e\u043a\u0438\u043c \u043a\u0430\u0447\u0435\u0441\u0442\u0432\u043e\u043c, \u0441\u0442\u0430\u0431\u0438\u043b\u044c\u043d\u043e\u0441\u0442\u044c\u044e \u0438 \u043e\u0440\u0438\u0433\u0438\u043d\u0430\u043b\u044c\u043d\u043e\u0441\u0442\u044c\u044e.<\/p><p data-start=\"601\" data-end=\"931\">\u041d\u0430\u0448\u0438 \u043f\u0440\u043e\u0446\u0435\u0441\u0441\u044b \u041d\u0418\u041e\u041a\u0420 \u043e\u0441\u043d\u043e\u0432\u0430\u043d\u044b \u043d\u0430 \u043a\u043e\u043c\u043f\u043b\u0435\u043a\u0441\u043d\u043e\u0439 \u0441\u0442\u0440\u0443\u043a\u0442\u0443\u0440\u0435, \u0432\u043a\u043b\u044e\u0447\u0430\u044e\u0449\u0435\u0439 \u0432\u044b\u0431\u043e\u0440 \u0441\u044b\u0440\u044c\u044f, \u0440\u0430\u0437\u0440\u0430\u0431\u043e\u0442\u043a\u0443 \u0440\u0435\u0446\u0435\u043f\u0442\u0443\u0440\u044b, \u0441\u0435\u043d\u0441\u043e\u0440\u043d\u044b\u0439 \u0430\u043d\u0430\u043b\u0438\u0437, \u0442\u0435\u0441\u0442\u044b \u0441\u0442\u0430\u0431\u0438\u043b\u044c\u043d\u043e\u0441\u0442\u0438 \u0438 \u0438\u0441\u043f\u044b\u0442\u0430\u043d\u0438\u044f \u043f\u0440\u0438\u043c\u0435\u043d\u0435\u043d\u0438\u044f. \u041e\u0441\u043d\u043e\u0432\u044b\u0432\u0430\u044f\u0441\u044c \u043d\u0430 \u044d\u0444\u0444\u0435\u043a\u0442\u0438\u0432\u043d\u043e\u043c \u0438\u0441\u043f\u043e\u043b\u044c\u0437\u043e\u0432\u0430\u043d\u0438\u0438 \u043d\u0430\u0442\u0443\u0440\u0430\u043b\u044c\u043d\u044b\u0445 \u0438 \u0438\u0434\u0435\u043d\u0442\u0438\u0447\u043d\u044b\u0445 \u043d\u0430\u0442\u0443\u0440\u0430\u043b\u044c\u043d\u044b\u043c \u043a\u043e\u043c\u043f\u043e\u043d\u0435\u043d\u0442\u043e\u0432, \u043c\u044b \u0440\u0430\u0437\u0440\u0430\u0431\u0430\u0442\u044b\u0432\u0430\u0435\u043c \u0430\u0440\u043e\u043c\u0430\u0442\u0438\u0447\u0435\u0441\u043a\u0438\u0435 \u0438 \u044d\u0441\u0441\u0435\u043d\u0446\u0438\u0430\u043b\u044c\u043d\u044b\u0435 \u0440\u0435\u0448\u0435\u043d\u0438\u044f, \u043f\u043e\u0434\u0445\u043e\u0434\u044f\u0449\u0438\u0435 \u0434\u043b\u044f \u043f\u0438\u0449\u0435\u0432\u044b\u0445 \u043f\u0440\u043e\u0434\u0443\u043a\u0442\u043e\u0432, \u043d\u0430\u043f\u0438\u0442\u043a\u043e\u0432, \u043a\u043e\u0441\u043c\u0435\u0442\u0438\u043a\u0438 \u0438 \u043f\u0440\u043e\u043c\u044b\u0448\u043b\u0435\u043d\u043d\u044b\u0445 \u043f\u0440\u0438\u043c\u0435\u043d\u0435\u043d\u0438\u0439.<\/p><p data-start=\"933\" data-end=\"1282\">\u041d\u0430\u0448\u0438 \u043e\u043f\u044b\u0442\u043d\u044b\u0435 \u0445\u0438\u043c\u0438\u043a\u0438 \u0438 \u0430\u0440\u043e\u043c\u0430\u0442\u0438\u0441\u0442\u044b, \u0438\u0441\u043f\u043e\u043b\u044c\u0437\u0443\u044f \u0441\u043e\u0432\u0440\u0435\u043c\u0435\u043d\u043d\u0443\u044e \u043b\u0430\u0431\u043e\u0440\u0430\u0442\u043e\u0440\u043d\u0443\u044e \u0438\u043d\u0444\u0440\u0430\u0441\u0442\u0440\u0443\u043a\u0442\u0443\u0440\u0443 \u0438 \u043f\u0435\u0440\u0435\u0434\u043e\u0432\u044b\u0435 \u043c\u0435\u0442\u043e\u0434\u044b \u0430\u043d\u0430\u043b\u0438\u0437\u0430, \u0441\u043e\u0437\u0434\u0430\u044e\u0442 \u0438\u043d\u0434\u0438\u0432\u0438\u0434\u0443\u0430\u043b\u044c\u043d\u044b\u0435 \u0440\u0435\u0446\u0435\u043f\u0442\u0443\u0440\u044b \u0434\u043b\u044f \u043a\u043b\u0438\u0435\u043d\u0442\u043e\u0432 \u0438 \u043f\u0440\u0435\u0434\u043b\u0430\u0433\u0430\u044e\u0442 \u0440\u0435\u0448\u0435\u043d\u0438\u044f, \u043e\u0431\u0435\u0441\u043f\u0435\u0447\u0438\u0432\u0430\u044e\u0449\u0438\u0435 \u043c\u0430\u043a\u0441\u0438\u043c\u0430\u043b\u044c\u043d\u0443\u044e \u044d\u0444\u0444\u0435\u043a\u0442\u0438\u0432\u043d\u043e\u0441\u0442\u044c \u0432 \u0440\u0430\u0437\u043b\u0438\u0447\u043d\u044b\u0445 \u043f\u0440\u043e\u0434\u0443\u043a\u0442\u0430\u0445. \u041a\u0430\u0436\u0434\u044b\u0439 \u043d\u043e\u0432\u044b\u0439 \u043f\u0440\u043e\u0434\u0443\u043a\u0442 \u0442\u0449\u0430\u0442\u0435\u043b\u044c\u043d\u043e \u0442\u0435\u0441\u0442\u0438\u0440\u0443\u0435\u0442\u0441\u044f \u043d\u0430 \u0441\u043e\u043e\u0442\u0432\u0435\u0442\u0441\u0442\u0432\u0438\u0435 \u0446\u0435\u043b\u0435\u0432\u043e\u043c\u0443 \u043f\u0440\u0438\u043c\u0435\u043d\u0435\u043d\u0438\u044e, \u0441\u0435\u043d\u0441\u043e\u0440\u043d\u0443\u044e \u0441\u0442\u0430\u0431\u0438\u043b\u044c\u043d\u043e\u0441\u0442\u044c \u0438 \u0441\u0440\u043e\u043a \u0445\u0440\u0430\u043d\u0435\u043d\u0438\u044f.<\/p>\t\t\t\t\t\t\t\t<\/div>\n\t\t\t\t<\/div>\n\t\t\t\t\t<\/div>\n\t\t\t\t<\/div>\n\t\t\t\t<\/div>","protected":false},"excerpt":{"rendered":"<p>AR-GE \u0130\u015fte Anaroma\u2019n\u0131n m\u00fckemmelli\u011fe olan yolculu\u011funun temel ta\u015flar\u0131: Bizim i\u00e7in Ar-Ge, sadece yeni form\u00fcller geli\u015ftirmek de\u011fil; do\u011fan\u0131n gizli kalm\u0131\u015f notalar\u0131n\u0131 bilimin hassasiyetiyle bulu\u015fturma sanat\u0131d\u0131r. Modern laboratuvarlar\u0131m\u0131zda, pazar\u0131n dinamiklerini de\u011fi\u015ftiren, s\u00fcrd\u00fcr\u00fclebilir ve y\u00fcksek performansl\u0131 aroma ve esans \u00e7\u00f6z\u00fcmleri \u00fcretiyoruz. Anaroma olarak aroma ve esans \u00fcretiminde yenilik\u00e7i, s\u00fcrd\u00fcr\u00fclebilir ve bilim temelli bir AR-GE anlay\u0131\u015f\u0131n\u0131 benimsiyoruz. T\u00fcketici beklentilerini,<\/p>\n<div class=\"klb-readmore post-buttons\"><a class=\"btn btn-black btn-rounded\" href=\"https:\/\/anaroma.com\/ru\/ar-ge\/\">\u0427\u0438\u0442\u0430\u0442\u044c \u0434\u0430\u043b\u0435\u0435 <i class=\"klbth-icon-right-arrow\"><\/i><\/a><\/div>","protected":false},"author":1,"featured_media":0,"parent":0,"menu_order":0,"comment_status":"closed","ping_status":"closed","template":"","meta":{"footnotes":""},"class_list":["post-3385","page","type-page","status-publish","hentry"],"_links":{"self":[{"href":"https:\/\/anaroma.com\/ru\/wp-json\/wp\/v2\/pages\/3385","targetHints":{"allow":["GET"]}}],"collection":[{"href":"https:\/\/anaroma.com\/ru\/wp-json\/wp\/v2\/pages"}],"about":[{"href":"https:\/\/anaroma.com\/ru\/wp-json\/wp\/v2\/types\/page"}],"author":[{"embeddable":true,"href":"https:\/\/anaroma.com\/ru\/wp-json\/wp\/v2\/users\/1"}],"replies":[{"embeddable":true,"href":"https:\/\/anaroma.com\/ru\/wp-json\/wp\/v2\/comments?post=3385"}],"version-history":[{"count":7,"href":"https:\/\/anaroma.com\/ru\/wp-json\/wp\/v2\/pages\/3385\/revisions"}],"predecessor-version":[{"id":3491,"href":"https:\/\/anaroma.com\/ru\/wp-json\/wp\/v2\/pages\/3385\/revisions\/3491"}],"wp:attachment":[{"href":"https:\/\/anaroma.com\/ru\/wp-json\/wp\/v2\/media?parent=3385"}],"curies":[{"name":"wp","href":"https:\/\/api.w.org\/{rel}","templated":true}]}}